{"id":2617,"date":"2023-05-09T16:14:29","date_gmt":"2023-05-09T16:14:29","guid":{"rendered":"https:\/\/ideasgeek.co\/terms-and-conditions\/"},"modified":"2023-05-09T16:14:29","modified_gmt":"2023-05-09T16:14:29","slug":"terms-and-conditions","status":"publish","type":"page","link":"https:\/\/ideasgeek.co\/fr\/terms-and-conditions\/","title":{"rendered":"Termes et Conditions"},"content":{"rendered":"\n<div id=\"cmplz-document\" class=\"cmplz-document cmplz-terms-conditions\"><p><i>Les conditions g\u00e9n\u00e9rales ont \u00e9t\u00e9 mises \u00e0 jour pour la derni\u00e8re fois le mai 10, 2023<\/i><\/p><h2>1. Introduction<\/h2><p>Les pr\u00e9sentes conditions g\u00e9n\u00e9rales s&#039;appliquent \u00e0 ce site web et aux transactions li\u00e9es \u00e0 nos produits et services. Vous pouvez \u00eatre li\u00e9 par des contrats suppl\u00e9mentaires en lien avec votre relation avec nous ou \u00e0 tout produit ou service que vous recevez de notre part. Si des dispositions de contrats suppl\u00e9mentaires sont en conflit avec des dispositions des pr\u00e9sentes conditions g\u00e9n\u00e9rales, les dispositions de ces contrats suppl\u00e9mentaires pr\u00e9vaudront.<\/p><h2>2. Obligatoire<\/h2><p>En vous inscrivant sur ce site, en y acc\u00e9dant ou en l&#039;utilisant de toute autre mani\u00e8re, vous acceptez par les pr\u00e9sentes d&#039;\u00eatre li\u00e9es par les conditions g\u00e9n\u00e9rales actuelles ci-dessous. La simple utilisation de ce site web implique la connaissance et l&#039;acceptation des conditions g\u00e9n\u00e9rales pr\u00e9sentes. Dans certains cas particuliers, nous pouvons \u00e9galement vous demander de donner votre accord explicite.<\/p><h2>3. Communication \u00e9lectronique<\/h2><p>En utilisant ce site web ou en communiquant avec nous par des moyens \u00e9lectroniques, vous acceptez et reconnaissez que nous pouvons communiquer avec vous par voie \u00e9lectronique sur notre site web ou en vous envoyant un courriel, et vous acceptez que tous les accords, notifications, publications et autres communications que nous vous fournissons par voie \u00e9lectronique r\u00e9pondent \u00e0 toute exigence l\u00e9gale, y compris mais sans s&#039;y limiter, l&#039;exigence que ces communications soient faites par \u00e9crit.<\/p><h2>4. Propri\u00e9t\u00e9 intellectuelle<\/h2><p>Nous ou nos licences poss\u00e9dons et contr\u00f4lons tous les droits d&#039;auteur et autres droits de propri\u00e9t\u00e9 intellectuelle sur le site web et les donn\u00e9es, informations et autres ressources activ\u00e9es ou accessibles sur le site web.<\/p><p class=\"cmplz-subtitle\">4.1 Tous droits r\u00e9serv\u00e9s<\/p><p>\u00c0 moins qu&#039;un contenu sp\u00e9cifique n&#039;en d\u00e9cide autrement, aucune licence ni aucun autre droit ne vous est accord\u00e9 en vertu des droits d&#039;auteur, des marques, des brevets ou d&#039;autres droits de propri\u00e9t\u00e9 intellectuelle. Cela signifi citer).<\/p><h2>5. Infolettres<\/h2><p>Nonobstant ce qui pr\u00e9c\u00e8de, vous pouvez transmettre notre infolettre sous forme \u00e9lectronique \u00e0 d&#039;autres personnes qui pourraient \u00eatre int\u00e9ress\u00e9es \u00e0 visiter notre site web.<\/p><h2>6. Propri\u00e9t\u00e9 de tierce partie<\/h2><p>Notre site web peut inclure des hyperliens ou d&#039;autres r\u00e9f\u00e9rences aux sites web de tierces parties. Nous ne surveillons ni n&#039;examinons le contenu des sites web de tierces parties qui sont li\u00e9es \u00e0 ce site web. Les produits ou services offerts par d&#039;autres sites web sont soumis aux conditions g\u00e9n\u00e9rales applicables de ces niveaux. Les avis exprim\u00e9s ou les \u00e9l\u00e9ments apparaissant sur ces sites ne sont pas n\u00e9cessairement partag\u00e9s ou approuv\u00e9s par nous.<\/p><p>Nous ne sommes pas responsables des pratiques de confidentialit\u00e9 ou du contenu de ces sites. Vous assumez tous les risques li\u00e9s \u00e0 l&#039;utilisation de ces sites web et de tous services de tiers. Nous n&#039;acceptons aucune responsabilit\u00e9 pour toute perte ou dommage, quelle qu&#039;en soit la cause, r\u00e9sultant de la divulgation de vos informations personnelles \u00e0 des tiers.<\/p><h2>7. Utilisation responsable<\/h2><p>En visitant notre site web, vous acceptez de l&#039;utiliser uniquement aux fins pr\u00e9vues et autoris\u00e9es par les conditions g\u00e9n\u00e9rales actuelles, par tout contrat suppl\u00e9mentaire conclu avec nous, et par les lois et r\u00e8glements applicables, ainsi que par les pratiques en ligne et les directives industrielles g\u00e9n\u00e9ralement accept\u00e9es. Vous ne devez pas utiliser notre site web ou nos services pour utiliser, publier ou distribuer tout \u00e9l\u00e9ment qui consiste en (ou est li\u00e9 \u00e0) un logiciel malveillant ; utiliser les donn\u00e9es enregistr\u00e9es sur notre site web pour toute activit\u00e9 de marketing direct, ou mener toute activit\u00e9 de collecte de donn\u00e9es syst\u00e9matique ou automatis\u00e9e sur ou en relation avec notre site web.<\/p><p>Il est strictement interdit de s&#039;engager dans toute activit\u00e9 qui cause, ou pourrait causer, des dommages au site web ou qui interf\u00e8re avec la performance, la disponibilit\u00e9 ou l&#039;accessibilit\u00e9 du site web.<\/p><h2>8. Inscription<\/h2><p>Vous pouvez ouvrir un compte sur notre site web. Au cours de ce processus, il peut vous \u00eatre demand\u00e9 de choisir un mot de passe. Vous \u00eates responsable du maintien de la confidentialit\u00e9 des mots de passe et des informations de compte et vous acceptez de ne pas partager vos mots de passe, les informations de compte ou l&#039;acc\u00e8s s\u00e9curis\u00e9 \u00e0 notre site web ou \u00e0 nos services avec toute autre personne. Vous ne devez autoriser aucune autre personne \u00e0 utiliser votre compte pour acc\u00e9der au site web car vous \u00eates responsable de toutes les activit\u00e9s qui se produisent par l&#039;utilisation de vos mots de passe ou comptes. Vous devez nous informer imm\u00e9diatement si vous avez connaissance de la divulgation de votre mot de passe.<\/p><p>Apr\u00e8s la cl\u00f4ture du compte, vous ne tenterez pas d&#039;ouvrir un nouveau compte sans notre autorisation.<\/p><h2>9. Politique de remboursement et de retour<\/h2><p class=\"cmplz-subtitle\">9.1 Droit de r\u00e9tractation<\/p><p>Vous avez le droit de r\u00e9silier ce contrat dans les 20 jours sans donner de raison.<\/p><p>Le d\u00e9lai de r\u00e9tractation expire apr\u00e8s 20 jours \u00e0 compter du jour o\u00f9 vous, ou une tierce partie autre que le transporteur et indiqu\u00e9e par vous, acquiert la possession physique des marchandises.<\/p><p>Pour exercer le droit de r\u00e9tractation, vous devez nous informer de votre d\u00e9cision de r\u00e9silier le pr\u00e9sent contrat par une d\u00e9claration sans \u00e9quivoque (par exemple, une lettre envoy\u00e9e par courrier, par t\u00e9l\u00e9copie ou par courriel). Vous trouverez nos coordonn\u00e9es ci-dessous. Vous pouvez utiliser le mod\u00e8le de <a href=\"https:\/\/ideasgeek.co\/eewhilto\/custom-withdrawal-form.pdf\">formulaire de r\u00e9tractation<\/a> ci-joint, mais ce n&#039;est pas obligatoire.<\/p><p>Si vous utilisez cette option, nous vous communiquerons sans d\u00e9lai un accus\u00e9 de r\u00e9ception de cette r\u00e9tractation sur un support durable (par exemple par courriel).<\/p><p>Pour respecter le d\u00e9lai de r\u00e9tractation, il vous suffit d&#039;envoyer votre communication concernant l&#039;exercice de votre droit de r\u00e9tractation avant l&#039;expiration du d\u00e9lai de r\u00e9tractation.<\/p><p class=\"cmplz-subtitle\">9.2 Effets de la r\u00e9tractation<\/p><p>Si vous r\u00e9siliez le pr\u00e9sent contrat, nous vous rembourserons tous les paiements re\u00e7us de votre part, y compris les frais de livraison (\u00e0 l&#039;exception des frais suppl\u00e9mentaires r\u00e9sultant de votre choix d&#039;un type de livraison autre que le type de livraison standard le moins cher que nous proposons), sans retard injustifi\u00e9 et en tout cas au plus tard dans les 14 jours \u00e0 compter du jour o\u00f9 nous sommes inform\u00e9s de votre d\u00e9cision de r\u00e9silier le pr\u00e9sent contrat. Nous effectuerons ce remboursement en utilisant le m\u00eame moyen de paiement que celui que vous avez utilis\u00e9 pour la transaction initiale, \u00e0 moins que vous n&#039;en ayez express\u00e9ment convenu autrement ; en tout \u00e9tat de cause, vous n&#039;aurez pas \u00e0 supporter de frais du fait de ce remboursement.<\/p><p>Vous devrez retourner les marchandises ou nous les remettre ou \u00e0 une personne autoris\u00e9e par nous \u00e0 recevoir les marchandises, sans retard injustifi\u00e9 et, en tout \u00e9tat de cause, au plus tard dans les 14 jours \u00e0 compter du jour o\u00f9 vous nous communiquerez votre r\u00e9tractation du pr\u00e9sent contrat. Le d\u00e9lai est respect\u00e9 si vous retournez les marchandises avant l&#039;expiration du d\u00e9lai de 14 jours.<\/p><p>Nous pouvons suspendre le remboursement jusqu&#039;\u00e0 ce que nous ayons re\u00e7u les marchandises en retour ou que vous ayez fourni la preuve que vous avez renvoy\u00e9 les marchandises, selon la premi\u00e8re \u00e9ventualit\u00e9.<\/p><p>Vous devrez supporter les frais directs de renvoi des marchandises.<\/p><p>Vous \u00eates l&#039;unique responsable de toute diminution de la valeur des marchandises r\u00e9sultant de manipulations autres que celles qui sont n\u00e9cessaires pour \u00e9tablir la nature, les caract\u00e9ristiques et le fonctionnement des marchandises.<\/p><p>Veuillez noter qu&#039;il existe certaines exceptions l\u00e9gales au droit de r\u00e9tractation, et que certains \u00e9l\u00e9ments ne peuvent donc pas \u00eatre retourn\u00e9s ou \u00e9chang\u00e9s. Nous vous ferons savoir si cela s&#039;applique \u00e0 votre cas particulier.<\/p><h2>10. Soumission d&#039;id\u00e9e<\/h2><p>N&#039;envoyez aucune id\u00e9e, invention, \u0153uvre d&#039;auteur ou autre information pouvant \u00eatre consid\u00e9r\u00e9e comme votre propre propri\u00e9t\u00e9 intellectuelle que vous souhaiteriez nous pr\u00e9senter, sauf si nous avons pr\u00e9alablement sign\u00e9 un accord concernant la propri\u00e9t\u00e9 intellectuelle ou un accord de non-divulgation. Si vous nous le divulguez en l&#039;absence d&#039;un tel accord \u00e9crit, vous nous accordez une licence mondiale, irr\u00e9vocable, non exclusive et libre de redevance pour utiliser, reproduire, stocker, adapter, publier, traduire et distribuer votre contenu sur tout support existant ou futur.<\/p><h2>11. Fin de l&#039;utilisation<\/h2><p>Nous pouvons, \u00e0 notre seule discr\u00e9tion, \u00e0 tout moment modifier ou interrompre l&#039;acc\u00e8s, temporairement ou de fa\u00e7on permanente, au site Web ou \u00e0 tout service qui s&#039;y trouve. Vous acceptez que nous ne soyons pas responsables envers vous ou une tierce partie de toute modification, suspension ou interruption de votre acc\u00e8s ou utilisation du site web ou de tout contenu que vous avez pu partager sur le site web. Vous n&#039;aurez droit \u00e0 aucune compensation ou autre paiement, m\u00eame si certaines fonctionnalit\u00e9s, certains r\u00e9glages et\/ou tout contenu auquel vous avez contribu\u00e9 ou sur lequel vous \u00eates appuy\u00e9 sont d\u00e9finitivement perdus. Vous ne devez pas contourner ou d\u00e9tourner, ou tenter de contourner ou de d\u00e9tourner, les mesures de restriction d&#039;acc\u00e8s \u00e0 notre site web.<\/p><h2>12. Garanties et responsabilit\u00e9<\/h2><p>Rien dans cette section ne limitera ou n&#039;exclura une garantie implicite de la loi qu&#039;il serait ill\u00e9gal de limiter ou d&#039;exclure. Ce site web et tout son contenu sont fournis \u00ab en l&#039;\u00e9tat \u00bb et \u00ab selon disponibilit\u00e9 \u00bb et peuvent contenir des inexactitudes ou des erreurs typographiques. Nous d\u00e9clinons sp\u00e9cifiquement toute garantie de quelque nature que ce soit, expresse ou implicite, quant \u00e0 la disponibilit\u00e9, l&#039;exactitude ou l&#039;exhaustivit\u00e9 du contenu. Nous ne garantissons pas ceci :<\/p><p><ul>\n\t\t\t\t<li>ce site web ou nos produits ou services r\u00e9pondront \u00e0 vos besoins ;<\/li>\n\t\t\t\t<li>ce site web sera disponible de mani\u00e8re ininterrompue, opportune, s\u00fbre ou sans erreur ;<\/li>\n\t\t\t\t<li>la qualit\u00e9 de tout produit ou service achet\u00e9 ou obtenu par vous par l&#039;interm\u00e9diaire de ce site web r\u00e9pondra \u00e0 vos attentes.<\/li>\n\t\t\t<\/ul><\/p><p>Rien sur ce site web ne constitue ou n&#039;est cens\u00e9 constituer un conseil juridique, financier ou m\u00e9dical de quelque nature que ce soit. Si vous avez besoin de conseils, vous devriez consulter un professionnel appropri\u00e9.<\/p><p>Les dispositions suivantes de la pr\u00e9sente section s&#039;appliqueront dans la mesure maximale permise par le droit applicable et ne limiteront ni n&#039;excluront notre responsabilit\u00e9 en ce qui concerne toute question pour laquelle il serait illicite ou illicite pour nous de limiter ou d&#039;exclure notre responsabilit\u00e9. En aucun cas nous ne serons responsables des dommages directs ou indirects (y compris les dommages pour perte de b\u00e9n\u00e9fices ou de revenus, la perte ou la corruption de donn\u00e9es, de logiciels ou de bases de donn\u00e9es, ou la perte ou l&#039;endommagement de biens ou de donn\u00e9es) subis par vous ou par une tierce partie, r\u00e9sultant de votre acc\u00e8s \u00e0 notre site web ou de son utilisation.<\/p><p>Sauf dans la mesure o\u00f9 tout contrat de responsabilit\u00e9 stipule express\u00e9ment le contraire, notre maximale vous envers pour tout dommage caus\u00e9 de ou li\u00e9 au site web ou \u00e0 tout produit et service commercialis\u00e9 ou vendu par le biais du site web, quelle que soit la forme de l&#039;action en justice qui impose la responsabilit\u00e9 (qu&#039;elle soit contractuelle, d&#039;\u00e9quit\u00e9, de n\u00e9gligence, de conduite intentionnelle, d\u00e9lictuelle ou autre) sera limit\u00e9e au prix total que vous nous avez pay\u00e9 pour acheter ces produits ou services ou utiliser le site web. Cette limite s&#039;appliquera globalement \u00e0 toutes vos r\u00e9clamations, actions et causes d&#039;action de toute nature et de tout type.<\/p><h2>13. Confidentialit\u00e9<\/h2><p>Pour acc\u00e9der \u00e0 notre site web et\/ou \u00e0 nos services, il peut vous \u00eatre demand\u00e9 de fournir certaines informations vous concernant dans le cadre de la proc\u00e9dure d&#039;inscription. Vous acceptez que toutes les informations que vous avez fournies soient toujours exactes, correctes et \u00e0 jour.<\/p><p>Nous prenons vos donn\u00e9es personnelles au s\u00e9rieux et nous nous engageons \u00e0 prot\u00e9ger votre vie priv\u00e9e. Nous n&#039;utilisons pas votre adresse courriel pour du courrier non sollicit\u00e9. Les courriels que nous vous envoyons sont uniquement li\u00e9s \u00e0 la fourniture de produits ou de services convenus.<\/p><p>Nous avons \u00e9labor\u00e9 une politique pour r\u00e9pondre \u00e0 toutes vos pr\u00e9occupations en mati\u00e8re de protection de la vie priv\u00e9e. Pour plus d&#039;informations, veuillez consulter notre <a href=\"https:\/\/ideasgeek.co\/fr\/privacy-ca\/\">d\u00e9claration de confidentialit\u00e9<\/a> et notre <a href=\"https:\/\/ideasgeek.co\/fr\/cookie-policy-ca\/\">politique de cookies<\/a>.<\/p><h2>14. Accessibilit\u00e9<\/h2><p>Nous nous engageons \u00e0 rendre le contenu que nous fournissons accessible aux personnes handicap\u00e9es. Si vous souffrez d&#039;un handicap et ne pouvez acc\u00e9der \u00e0 aucune partie de notre site web en raison de votre handicap, nous vous demandons de nous faire parvenir une notification comprenant une description d\u00e9taill\u00e9e du probl\u00e8me que vous avez rencontr\u00e9. Si le probl\u00e8me est facilement identifiable et peut \u00eatre r\u00e9solu conform\u00e9ment aux outils et techniques informatiques standards de l&#039;industrie, nous le r\u00e9soudrons rapidement.<\/p><h2>15. Restrictions \u00e0 l&#039;exportation \/ Conformit\u00e9 juridique<\/h2><p>L&#039;acc\u00e8s au site web \u00e0 partir des territoires ou de pays o\u00f9 le contenu ou l&#039;achat des produits ou services vendus sur le site web est ill\u00e9gal est interdit. Vous ne pouvez pas utiliser ce site web en violation des lois et r\u00e8glements d&#039;exportation du Canada.<\/p><h2>16. Marketing d&#039;affiliation<\/h2><p>Par le biais de ce site web, nous pouvons nous engager dans un marketing d&#039;affiliation par lequel nous recevons un pourcentage ou une commission sur la vente de services ou de produits sur ou via ce site web. Nous pouvons \u00e9galement accepter des parrainages ou d&#039;autres formes de compensation publicitaire de la part des entreprises. Cette publication est destin\u00e9e \u00e0 se conformer aux exigences l\u00e9gales en mati\u00e8re de marketing et de publicit\u00e9 qui peuvent s&#039;appliquer, telles que le Code de la consommation en France.<\/p><h2>17. Affection<\/h2><p>Vous ne pouvez c\u00e9der, transf\u00e9rer ou sous-traiter aucun de vos droits et\/ou obligations en vertu des conditions g\u00e9n\u00e9rales pr\u00e9sentes, en tout ou en partie, \u00e0 une tierce partie sans notre consentement \u00e9crit pr\u00e9alable. Toute cession pr\u00e9sum\u00e9e en violation de la pr\u00e9sente section sera nulle et non avenue.<\/p><h2>18. Violation des conditions g\u00e9n\u00e9rales pr\u00e9sentes<\/h2><p>Sans pr\u00e9judice de nos autres droits en vertu des conditions g\u00e9n\u00e9rales pr\u00e9sentes, si vous violez les conditions g\u00e9n\u00e9rales pr\u00e9sentes de quelque mani\u00e8re que ce soit, nous pouvons prendre les mesures que nous jugeons appropri\u00e9es pour traiter la violation, y compris la suspension temporaire ou permanente de votre acc\u00e8s au site web, la prise de contact avec votre fournisseur d&#039;acc\u00e8s Internet pour lui demander de bloquer votre acc\u00e8s au site web, et\/ou engager une action en justice contre vous.<\/p><h2>19. Force majeure<\/h2><p>\u00c0 l&#039;exception des obligations de paiement en vertu des pr\u00e9sentes, aucun retard, manquement ou omission par l&#039;une des parties d&#039;ex\u00e9cuter ou d&#039;observer l&#039;une de ses obligations en vertu des pr\u00e9sentes ne sera consid\u00e9r\u00e9e comme une violation des conditions g\u00e9n\u00e9rales actuelles si et aussi longtemps que ce retard, ce manquement ou cette omission r\u00e9sultant d&#039;une cause ind\u00e9pendante de la volont\u00e9 raisonnable de cette partie.<\/p><h2>20. Indemnisation<\/h2><p>Vous acceptez de nous indemniser, de nous d\u00e9fendre et de nous tenir \u00e0 l&#039;\u00e9cart de toutes les r\u00e9clamations, responsabilit\u00e9s, dommages, pertes et d\u00e9penses li\u00e9es \u00e0 votre violation des pr\u00e9sentes conditions g\u00e9n\u00e9rales et des lois applicables, y compris les droits de propri\u00e9t\u00e9 intellectuelle et les droits \u00e0 la vie priv\u00e9e. Vous nous rembourserez rapidement les dommages, pertes, co\u00fbts et d\u00e9penses li\u00e9s \u00e0 ces r\u00e9clamations ou en d\u00e9coulant.<\/p><h2>21. D\u00e9rogation<\/h2><p>Le fait de ne pas appliquer l&#039;une des dispositions actuelles dans les conditions g\u00e9n\u00e9rales pr\u00e9sentes et dans tout accord, ou de ne pas exercer une option de r\u00e9siliation, ne doit pas \u00eatre interpr\u00e9t\u00e9 comme une renonciation \u00e0 ces dispositions et n&#039;affecte pas la validit\u00e9 des conditions g\u00e9n\u00e9rales pr\u00e9sentes ou de tout accord ou de toute partie de celui-ci, ni le droit par la suite d&#039;appliquer chacune des dispositions.<\/p><h2>22. Langue<\/h2><p>Les pr\u00e9sentes conditions g\u00e9n\u00e9rales seront traduites exclusivement en Anglais.&nbsp;Toutes les notifications et la correspondance seront r\u00e9dig\u00e9s exclusivement dans cette langue.<\/p><h2>23. Accord int\u00e9gral<\/h2><p>Ces conditions g\u00e9n\u00e9rales, ainsi que nos <a href=\"https:\/\/ideasgeek.co\/fr\/privacy-ca\/\">d\u00e9claration de confidentialit\u00e9<\/a> et <a href=\"https:\/\/ideasgeek.co\/fr\/cookie-policy-ca\/\">politique de cookies<\/a>, constituant l&#039;int\u00e9gralit\u00e9 de l&#039;accord entre vous et Ideas Geek concernant votre utilisation de ce site web.<\/p><h2>24. Mise \u00e0 jour des conditions g\u00e9n\u00e9rales pr\u00e9sentes<\/h2><p>Nous pouvons de temps en temps mettre \u00e0 jour ces conditions g\u00e9n\u00e9rales. La date indiqu\u00e9e au d\u00e9but des conditions g\u00e9n\u00e9rales pr\u00e9sentes est la date de r\u00e9vision la plus r\u00e9cente. Nous vous informons par \u00e9crit de toute modification ou mise \u00e0 jour, et les conditions g\u00e9n\u00e9rales r\u00e9vis\u00e9es entreront en vigueur \u00e0 la date \u00e0 laquelle nous vous informons. Votre utilisation continue de ce site web apr\u00e8s la publication de modifications ou de mises \u00e0 jour sera consid\u00e9r\u00e9e comme une notification de votre acceptation de respecter et d&#039;\u00eatre li\u00e9 par ces conditions g\u00e9n\u00e9rales. Pour demander une version ant\u00e9rieure de ces conditions g\u00e9n\u00e9rales, veuillez nous contacter.<\/p><h2>25. Choix de la loi et de la juridiction<\/h2><p>Les conditions g\u00e9n\u00e9rales pr\u00e9sentes sont r\u00e9gies par les lois du Canada. Tout litige relatif aux conditions g\u00e9n\u00e9rales pr\u00e9sentes sera soumis \u00e0 la juridiction des tribunaux de Canada. Si une partie ou une disposition des conditions g\u00e9n\u00e9rales pr\u00e9sentes est jug\u00e9e par un tribunal ou une autre autorit\u00e9 comme \u00e9tant invalide et\/ou inapplicable en vertu du droit applicable, cette partie ou disposition sera modifi\u00e9e, supprim\u00e9e et\/ou appliqu\u00e9e dans la plus grande mesure possible afin de donner effet \u00e0 l&#039;intention des conditions g\u00e9n\u00e9rales pr\u00e9sentes. Les autres dispositions ne seront pas affect\u00e9es.<\/p><h2>26. Informations de contact<\/h2><p>Ce site web est d\u00e9tenu et exploit\u00e9 par Ideas Geek.<\/p><p>Vous pouvez nous contacter au sujet des pr\u00e9sentes conditions g\u00e9n\u00e9rales en nous \u00e9crivant ou en nous envoyant un courriel \u00e0 l\u2019adresse suivante\u00a0: con&#116;&#097;ct&#111;&#064;i&#100;ea&#115;&#103;&#101;ek&#046;&#099;o<br>123A Rue Dubois-Joli<br \/>\r\nSaint aimable<br \/>\r\nQu\u00e9bec<br \/>\r\n <\/p><h2>27. T\u00e9l\u00e9chargement<\/h2><p>Vous pouvez \u00e9galement <a href=\"https:\/\/ideasgeek.co\/ogredoav\/complianz-terms-conditions\/download.php\">t\u00e9l\u00e9charger<\/a> nos conditions g\u00e9n\u00e9rales au format PDF.<\/p><\/div>","protected":false},"excerpt":{"rendered":"","protected":false},"author":1,"featured_media":0,"parent":0,"menu_order":0,"comment_status":"closed","ping_status":"closed","template":"","meta":{"_acf_changed":false,"rs_blank_template":"","rs_page_bg_color":"","slide_template_v7":"","footnotes":""},"class_list":["post-2617","page","type-page","status-publish","hentry"],"acf":[],"aioseo_notices":[],"jetpack_sharing_enabled":true,"_links":{"self":[{"href":"https:\/\/ideasgeek.co\/fr\/wp-json\/wp\/v2\/pages\/2617","targetHints":{"allow":["GET"]}}],"collection":[{"href":"https:\/\/ideasgeek.co\/fr\/wp-json\/wp\/v2\/pages"}],"about":[{"href":"https:\/\/ideasgeek.co\/fr\/wp-json\/wp\/v2\/types\/page"}],"author":[{"embeddable":true,"href":"https:\/\/ideasgeek.co\/fr\/wp-json\/wp\/v2\/users\/1"}],"replies":[{"embeddable":true,"href":"https:\/\/ideasgeek.co\/fr\/wp-json\/wp\/v2\/comments?post=2617"}],"version-history":[{"count":0,"href":"https:\/\/ideasgeek.co\/fr\/wp-json\/wp\/v2\/pages\/2617\/revisions"}],"wp:attachment":[{"href":"https:\/\/ideasgeek.co\/fr\/wp-json\/wp\/v2\/media?parent=2617"}],"curies":[{"name":"wp","href":"https:\/\/api.w.org\/{rel}","templated":true}]}}