{"id":424,"date":"2023-05-14T21:42:26","date_gmt":"2023-05-14T21:42:26","guid":{"rendered":"https:\/\/ideasgeek.co\/?page_id=424"},"modified":"2023-05-14T21:42:31","modified_gmt":"2023-05-14T21:42:31","slug":"refund_returns","status":"publish","type":"page","link":"https:\/\/ideasgeek.co\/fr\/refund_returns\/","title":{"rendered":"Remboursement et la Politique de retour"},"content":{"rendered":"<div data-custom-class=\"body\">\n<div>\n<div class=\"MsoNormal\" style=\"text-align: center; line-height: 115%;\" align=\"center\"><a name=\"_2cipo4yr3w5d\"><\/a><\/p>\n<div class=\"MsoNormal\" style=\"text-align: left; line-height: 150%;\" align=\"center\"><strong><span style=\"font-size: 26px;\"><span data-custom-class=\"title\">POLITIQUE DE RETOUR<\/span><\/span><\/strong><\/div>\n<div class=\"MsoNormal\" style=\"text-align: left; line-height: 150%;\" align=\"center\"><\/div>\n<div class=\"MsoNormal\" style=\"text-align: left; line-height: 150%;\" align=\"center\"><span style=\"font-size: 15px;\"><span style=\"color: #595959;\"><strong><span data-custom-class=\"subtitle\">Derni\u00e8re mise \u00e0 jour : 14 mai 2023<\/span><\/strong><\/span><\/span><\/div>\n<div class=\"MsoNormal\" style=\"text-align: left; line-height: 150%;\" align=\"center\"><\/div>\n<div class=\"MsoNormal\" style=\"text-align: left; line-height: 150%;\" align=\"center\"><span style=\"font-size: 15px;\"><br \/>\n<a name=\"_2cipo4yr3w5d\"><\/a><\/span><\/div>\n<\/div>\n<div class=\"MsoNormal\" style=\"line-height: 1.5;\" data-custom-class=\"body_text\"><span style=\"font-size: 15px; line-height: 115%; font-family: Arial; color: #595959;\">Merci pour votre achat. Nous esp\u00e9rons que vous en \u00eates pleinement satisfait(e). Toutefois, si pour une raison quelconque vous n&#039;\u00eates pas enti\u00e8rement satisfait(e), vous pouvez nous le retourner pour obtenir un remboursement int\u00e9gral ou un avoir. Veuillez consulter ci-dessous notre politique de retour pour plus d&#039;informations.<\/span><\/div>\n<\/div>\n<div style=\"line-height: 1.5;\"><\/div>\n<div>\n<div class=\"MsoNormal\" style=\"line-height: 115%;\" data-custom-class=\"heading_1\"><a name=\"_iwimutmowezb\"><\/a><strong><span style=\"line-height: 115%; font-family: Arial; font-size: 19px;\">RETOURS<\/span><\/strong><\/div>\n<\/div>\n<div style=\"line-height: 1.5;\"><\/div>\n<div>\n<div class=\"MsoNormal\" style=\"line-height: 1.5;\" data-custom-class=\"body_text\"><span style=\"font-size: 15px; line-height: 115%; font-family: Arial; color: #595959;\">Tout retour doit \u00eatre post\u00e9 dans les trente (30) jours suivant la date d&#039;achat. Les articles retourn\u00e9s doivent \u00eatre neufs, non utilis\u00e9s et comporter toutes leurs \u00e9tiquettes d&#039;origine.<\/span><\/div>\n<\/div>\n<div style=\"line-height: 1.5;\"><\/div>\n<div>\n<div class=\"MsoNormal\" style=\"line-height: 1.5;\" data-custom-class=\"heading_1\"><a name=\"_16t1v96tankw\"><\/a><strong><span style=\"line-height: 115%; font-family: Arial; font-size: 19px;\">PROCESSUS DE RETOUR<\/span><\/strong><\/div>\n<\/div>\n<div style=\"line-height: 1.5;\"><\/div>\n<div>\n<div class=\"MsoNormal\" style=\"line-height: 1.5;\" data-custom-class=\"body_text\"><span style=\"font-size: 15px; line-height: 115%; font-family: Arial; color: #595959;\">Pour retourner un article, veuillez contacter le service client par courriel \u00e0 l&#039;adresse contacto@ideasgeek.co afin d&#039;obtenir un num\u00e9ro d&#039;autorisation de retour (RMA). Une fois ce num\u00e9ro obtenu, placez l&#039;article soigneusement dans son emballage d&#039;origine et exp\u00e9diez-le \u00e0 l&#039;adresse suivante\u00a0:<\/span><\/div>\n<div class=\"MsoNormal\" style=\"line-height: 1.1;\"><span style=\"font-size: 15px;\"><span style=\"line-height: 115%; font-family: Arial; color: #595959;\">\u00a0<\/span><\/span><\/div>\n<div class=\"MsoNormal\" style=\"line-height: 115%;\" data-custom-class=\"body_text\"><span style=\"font-size: 15px;\"><span style=\"line-height: 115%; font-family: Arial; color: #595959;\">Id\u00e9es Geek<br \/>\n<\/span><\/span><\/div>\n<div class=\"MsoNormal\" style=\"line-height: 1.5;\" data-custom-class=\"body_text\"><span style=\"font-size: 15px;\"><span style=\"line-height: 115%; font-family: Arial; color: #595959;\">\u00c0 l&#039;attention du service des retours<\/span><\/span><\/div>\n<div class=\"MsoNormal\" style=\"line-height: 1.5;\" data-custom-class=\"body_text\"><span style=\"font-size: 15px;\"><span style=\"line-height: 115%; font-family: Arial; color: #595959;\">RMA #<\/span><\/span><\/div>\n<div class=\"MsoNormal\" style=\"line-height: 1.5;\" data-custom-class=\"body_text\"><span style=\"font-size: 15px;\"><span style=\"color: #595959;\">123A Rue Du Bois-Joli<\/span><\/span><\/div>\n<div class=\"MsoNormal\" style=\"line-height: 1.5;\" data-custom-class=\"body_text\"><span style=\"font-size: 15px;\"><span style=\"line-height: 115%; font-family: Arial; color: #595959;\">Saint-Amable, Qu\u00e9bec j0l1n0<\/span><\/span><\/div>\n<div class=\"MsoNormal\" style=\"line-height: 1.5;\" data-custom-class=\"body_text\"><span style=\"font-size: 15px;\"><span style=\"line-height: 115%; font-family: Arial; color: #595959;\">Canada<\/span><\/span><\/div>\n<\/div>\n<div style=\"line-height: 1.1;\"><\/div>\n<div>\n<div class=\"MsoNormal\" style=\"line-height: 1.5;\" data-custom-class=\"body_text\"><span style=\"font-size: 15px; line-height: 115%; font-family: Arial; color: #595959;\">Veuillez noter que les frais de retour sont \u00e0 votre charge. Nous vous recommandons vivement d&#039;utiliser un service d&#039;exp\u00e9dition avec suivi.\u00a0<\/span><\/div>\n<div class=\"MsoNormal\" style=\"line-height: 1.5;\"><\/div>\n<div class=\"MsoNormal\" style=\"line-height: 1.5;\" data-custom-class=\"heading_1\"><a name=\"_qxq7t4ufn5pr\"><\/a><strong><span style=\"line-height: 115%; font-family: Arial; font-size: 19px;\">REMBOURSEMENTS<\/span><\/strong><\/div>\n<div class=\"MsoNormal\" style=\"line-height: 115%;\"><a name=\"_kcap2nw8xg2p\"><\/a><\/div>\n<div class=\"MsoNormal\" style=\"line-height: 1.5;\"><\/div>\n<div class=\"MsoNormal\" style=\"line-height: 1.5;\" data-custom-class=\"body_text\"><span style=\"font-size: 15px; line-height: 115%; font-family: Arial; color: #595959;\">Apr\u00e8s r\u00e9ception et v\u00e9rification de l&#039;\u00e9tat de votre article retourn\u00e9, nous proc\u00e9derons \u00e0 son traitement. Veuillez pr\u00e9voir un d\u00e9lai de dix (10) jours minimum \u00e0 compter de la r\u00e9ception de votre article pour le traitement de votre retour. Le remboursement peut appara\u00eetre sur votre relev\u00e9 de carte bancaire sous un \u00e0 deux cycles de facturation, selon votre banque. Nous vous informerons par courriel d\u00e8s que votre retour aura \u00e9t\u00e9 trait\u00e9.<\/span><\/div>\n<div class=\"MsoNormal\" style=\"line-height: 115%;\"><a name=\"_gjdgxs\"><\/a><\/div>\n<div class=\"MsoNormal\" style=\"line-height: 1.5;\"><\/div>\n<div class=\"MsoNormal\" style=\"line-height: 1.5;\" data-custom-class=\"heading_1\"><a name=\"_33ujiidflcnn\"><\/a><strong><span style=\"line-height: 115%; font-family: Arial; font-size: 19px;\">EXCEPTIONS<\/span><\/strong><\/div>\n<div class=\"MsoNormal\" style=\"line-height: 1.5;\"><\/div>\n<\/div>\n<div style=\"line-height: 1.5;\" data-custom-class=\"body_text\"><span style=\"font-size: 15px;\"><span style=\"color: #595959; font-family: sans-serif; font-style: normal; font-variant-ligatures: normal; font-variant-caps: normal; font-weight: 400; letter-spacing: normal; orphans: 2; text-align: start; text-indent: 0px; text-transform: none; white-space: normal; widows: 2; word-spacing: 0px; -webkit-text-stroke-width: 0px; background-color: #ffffff; text-decoration-style: initial; text-decoration-color: initial; float: none; display: inline !important;\">Les articles suivants ne peuvent pas \u00eatre retourn\u00e9s\u00a0:<\/span><\/span><\/div>\n<div style=\"line-height: 1.5;\" data-custom-class=\"body_text\"><\/div>\n<div style=\"line-height: 1.5;\" data-custom-class=\"body_text\"><strong><span style=\"font-size: 13px; color: #595959;\">\u00a0 \u00a0 \u00a0\u25cf \u00a0 \u00a0\u00a0<\/span><\/strong><span style=\"color: #595959; font-family: sans-serif; font-size: 15px; font-style: normal; font-variant-ligatures: normal; font-variant-caps: normal; font-weight: 400; letter-spacing: normal; orphans: 2; text-align: start; text-indent: 0px; text-transform: none; white-space: normal; widows: 2; word-spacing: 0px; -webkit-text-stroke-width: 0px; background-color: #ffffff; text-decoration-style: initial; text-decoration-color: initial; display: inline !important; float: none;\"> bouteille d&#039;eau<\/span><\/div>\n<div style=\"line-height: 1.5;\" data-custom-class=\"body_text\"><strong><span style=\"font-size: 13px; color: #595959;\">\u00a0 \u00a0 \u00a0\u25cf \u00a0 \u00a0\u00a0<\/span><\/strong><span style=\"color: #595959; font-family: sans-serif; font-size: 15px; font-style: normal; font-variant-ligatures: normal; font-variant-caps: normal; font-weight: 400; letter-spacing: normal; orphans: 2; text-align: start; text-indent: 0px; text-transform: none; white-space: normal; widows: 2; word-spacing: 0px; -webkit-text-stroke-width: 0px; background-color: #ffffff; text-decoration-style: initial; text-decoration-color: initial; display: inline !important; float: none;\">tasses<\/span><\/div>\n<div style=\"line-height: 1.1;\" data-custom-class=\"body_text\"><\/div>\n<div data-custom-class=\"body_text\"><\/div>\n<div style=\"line-height: 1.1;\" data-custom-class=\"body_text\" data-empty=\"true\"><span style=\"color: #595959;\"><span style=\"font-size: 15px;\">\u00a0<\/span><\/span><\/div>\n<div style=\"line-height: 1.5;\" data-custom-class=\"body_text\"><span style=\"color: #595959;\"><span style=\"font-size: 15px;\">Pour les produits d\u00e9fectueux ou endommag\u00e9s, veuillez nous contacter aux coordonn\u00e9es ci-dessous afin de proc\u00e9der \u00e0 un remboursement ou \u00e0 un \u00e9change.<\/span><\/span><\/div>\n<div style=\"line-height: 1.5;\" data-custom-class=\"body_text\" data-empty=\"true\"><\/div>\n<div style=\"line-height: 1.1;\" data-custom-class=\"body_text\" data-empty=\"true\"><\/div>\n<div style=\"line-height: 1.5;\" data-custom-class=\"body_text\" data-empty=\"true\"><span style=\"color: #595959;\"><span style=\"font-size: 15px;\"><strong>Veuillez noter<\/strong><\/span><\/span><\/div>\n<div style=\"line-height: 1.5;\" data-custom-class=\"body_text\" data-empty=\"true\"><\/div>\n<div style=\"line-height: 1.5;\" data-custom-class=\"body_text\"><span style=\"font-size: 15px; color: #595959;\"><strong style=\"font-weight: bold; color: #000000; font-family: sans-serif; font-size: medium; font-style: normal; font-variant-ligatures: normal; font-variant-caps: normal; letter-spacing: normal; orphans: 2; text-align: start; text-indent: 0px; text-transform: none; white-space: normal; widows: 2; word-spacing: 0px; -webkit-text-stroke-width: 0px; background-color: #ffffff; text-decoration-style: initial; text-decoration-color: initial;\"><span style=\"font-size: 13px; color: #595959;\">\u00a0 \u00a0 \u00a0<strong style=\"font-weight: bold; color: #000000; font-family: sans-serif; font-size: medium; font-style: normal; font-variant-ligatures: normal; font-variant-caps: normal; letter-spacing: normal; orphans: 2; text-align: start; text-indent: 0px; text-transform: none; white-space: normal; widows: 2; word-spacing: 0px; -webkit-text-stroke-width: 0px; text-decoration-style: initial; text-decoration-color: initial; background-color: #ffffff;\"><span style=\"color: #595959; font-family: sans-serif; font-size: 15px; font-style: normal; font-variant-ligatures: normal; font-variant-caps: normal; font-weight: 400; letter-spacing: normal; orphans: 2; text-align: start; text-indent: 0px; text-transform: none; white-space: normal; widows: 2; word-spacing: 0px; -webkit-text-stroke-width: 0px; background-color: #ffffff; text-decoration-style: initial; text-decoration-color: initial; display: inline !important;\">\u25cf\u00a0<\/span><\/strong>\u00a0 \u00a0\u00a0<\/span><\/strong>Les articles en solde sont en VENTE FINALE et ne peuvent \u00eatre retourn\u00e9s.<\/span><\/div>\n<div style=\"line-height: 1.5;\"><\/div>\n<div style=\"line-height: 1.5;\" data-custom-class=\"heading_1\"><span style=\"font-size: 19px; color: #000000;\"><strong>QUESTIONS<\/strong><\/span><\/div>\n<div style=\"line-height: 1.5;\"><\/div>\n<div style=\"line-height: 1.5;\" data-custom-class=\"body_text\"><span style=\"font-size: 15px; color: #595959;\">Si vous avez des questions concernant notre politique de retour, veuillez nous contacter \u00e0 l&#039;adresse suivante\u00a0:<\/span><\/div>\n<div style=\"line-height: 1.5;\" data-custom-class=\"body_text\"><span style=\"font-size: 15px; color: #595959;\">contacto@ideasgeek.co<\/span><\/div>\n<style>\n  ul {<br \/>\n    list-style-type: square;<br \/>\n  }<br \/>\n  ul > li > ul {<br \/>\n    list-style-type: circle;<br \/>\n  }<br \/>\n  ul > li > ul > li > ul {<br \/>\n    list-style-type: square;<br \/>\n  }<br \/>\n  ol li {<br \/>\n    font-family: Arial ;<br \/>\n  }<br \/>\n<\/style>\n<\/div>","protected":false},"excerpt":{"rendered":"<p>RETURN POLICY Last updated May 14, 2023 Thank you for your purchase. We hope you are happy with your purchase. However, if you are not completely satisfied with your purchase for any reason, you may return it to us for a full refund or store credit. Please see below for more information on our return [&hellip;]<\/p>\n","protected":false},"author":1,"featured_media":0,"parent":0,"menu_order":0,"comment_status":"closed","ping_status":"closed","template":"","meta":{"_acf_changed":false,"rs_blank_template":"","rs_page_bg_color":"","slide_template_v7":"","footnotes":""},"class_list":["post-424","page","type-page","status-publish","hentry"],"acf":[],"aioseo_notices":[],"jetpack_sharing_enabled":true,"_links":{"self":[{"href":"https:\/\/ideasgeek.co\/fr\/wp-json\/wp\/v2\/pages\/424","targetHints":{"allow":["GET"]}}],"collection":[{"href":"https:\/\/ideasgeek.co\/fr\/wp-json\/wp\/v2\/pages"}],"about":[{"href":"https:\/\/ideasgeek.co\/fr\/wp-json\/wp\/v2\/types\/page"}],"author":[{"embeddable":true,"href":"https:\/\/ideasgeek.co\/fr\/wp-json\/wp\/v2\/users\/1"}],"replies":[{"embeddable":true,"href":"https:\/\/ideasgeek.co\/fr\/wp-json\/wp\/v2\/comments?post=424"}],"version-history":[{"count":0,"href":"https:\/\/ideasgeek.co\/fr\/wp-json\/wp\/v2\/pages\/424\/revisions"}],"wp:attachment":[{"href":"https:\/\/ideasgeek.co\/fr\/wp-json\/wp\/v2\/media?parent=424"}],"curies":[{"name":"wp","href":"https:\/\/api.w.org\/{rel}","templated":true}]}}