{"id":17166,"date":"2026-01-25T21:32:07","date_gmt":"2026-01-25T21:32:07","guid":{"rendered":"https:\/\/ideasgeek.co\/product\/tough-phone-case-for-iphone-bash\/"},"modified":"2026-01-26T15:21:13","modified_gmt":"2026-01-26T15:21:13","slug":"tough-phone-case-for-iphone-bash","status":"publish","type":"product","link":"https:\/\/ideasgeek.co\/fr\/produit\/tough-phone-case-for-iphone-bash\/","title":{"rendered":"Difficile de T\u00e9l\u00e9phone pour l&#039;IPhone \u2013 Bash"},"content":{"rendered":"<p>Prot\u00e9ger votre t\u00e9l\u00e9phone dans le style personnalis\u00e9 avec cette \u00e9pineuse affaire de t\u00e9l\u00e9phone. L\u00e9ger, cet \u00e9tui de t\u00e9l\u00e9phone est r\u00e9sistant aux chocs et est livr\u00e9 avec une surface parfaite pour l&#039;impression de toutes vos id\u00e9es dans les moindres d\u00e9tails ainsi que croustillant de couleur. Compatible avec l&#039;iPhone 7, 8, X, 11, 12, 13, 14 et plus \u2013 consultez notre tailles disponibles. <\/p>\n<p>.: Mat\u00e9riaux: polycarbonate (coque), le caoutchouc (doublure)<br \/>.: 2-conception de la pi\u00e8ce avec la r\u00e9sistance \u00e0 l&#039;impact et le choc de la dispersion<br \/>.: Int\u00e9rieur, doublure en caoutchouc pour une protection suppl\u00e9mentaire (l&#039;apparence peut varier \u00e0 travers les mod\u00e8les de t\u00e9l\u00e9phone)<br \/>.: Finition brillante<br \/>.: Prend en charge la recharge sans fil<\/p>\n<p>&nbsp;<\/p>","protected":false},"excerpt":{"rendered":"<p>Protect your phone in custom style with this tough phone case. This lightweight phone case is impact resistant and comes with the perfect surface to print all your ideas in vivid detail as well as crisp color. Compatible with iPhone 7, 8, X, 11, 12, 13, 14 &amp; more &ndash; check our available sizes. .: [&hellip;]<\/p>\n","protected":false},"featured_media":17473,"comment_status":"open","ping_status":"closed","template":"","meta":{"_acf_changed":false,"rs_blank_template":"","rs_page_bg_color":"","slide_template_v7":""},"product_brand":[],"product_cat":[34],"product_tag":[],"class_list":{"0":"post-17166","1":"product","2":"type-product","3":"status-publish","4":"has-post-thumbnail","6":"product_cat-tech-accesories","8":"first","9":"instock","10":"taxable","11":"shipping-taxable","12":"purchasable","13":"product-type-variable","14":"has-default-attributes"},"acf":[],"aioseo_notices":[],"jetpack_sharing_enabled":true,"_links":{"self":[{"href":"https:\/\/ideasgeek.co\/fr\/wp-json\/wp\/v2\/product\/17166","targetHints":{"allow":["GET"]}}],"collection":[{"href":"https:\/\/ideasgeek.co\/fr\/wp-json\/wp\/v2\/product"}],"about":[{"href":"https:\/\/ideasgeek.co\/fr\/wp-json\/wp\/v2\/types\/product"}],"replies":[{"embeddable":true,"href":"https:\/\/ideasgeek.co\/fr\/wp-json\/wp\/v2\/comments?post=17166"}],"version-history":[{"count":0,"href":"https:\/\/ideasgeek.co\/fr\/wp-json\/wp\/v2\/product\/17166\/revisions"}],"wp:featuredmedia":[{"embeddable":true,"href":"https:\/\/ideasgeek.co\/fr\/wp-json\/wp\/v2\/media\/17473"}],"wp:attachment":[{"href":"https:\/\/ideasgeek.co\/fr\/wp-json\/wp\/v2\/media?parent=17166"}],"wp:term":[{"taxonomy":"product_brand","embeddable":true,"href":"https:\/\/ideasgeek.co\/fr\/wp-json\/wp\/v2\/product_brand?post=17166"},{"taxonomy":"product_cat","embeddable":true,"href":"https:\/\/ideasgeek.co\/fr\/wp-json\/wp\/v2\/product_cat?post=17166"},{"taxonomy":"product_tag","embeddable":true,"href":"https:\/\/ideasgeek.co\/fr\/wp-json\/wp\/v2\/product_tag?post=17166"}],"curies":[{"name":"wp","href":"https:\/\/api.w.org\/{rel}","templated":true}]}}