{"id":17580,"date":"2026-01-25T21:56:23","date_gmt":"2026-01-25T21:56:23","guid":{"rendered":"https:\/\/ideasgeek.co\/product\/insulated-travel-mug-the-code-is-strong-with-this-one-40oz\/"},"modified":"2026-03-29T21:40:32","modified_gmt":"2026-03-29T21:40:32","slug":"insulated-travel-mug-the-code-is-strong-with-this-one-40oz","status":"publish","type":"product","link":"https:\/\/ideasgeek.co\/fr\/produit\/insulated-travel-mug-the-code-is-strong-with-this-one-40oz\/","title":{"rendered":"Le code est solide avec celui-ci \u2013 40 oz"},"content":{"rendered":"<p><strong>Le code est solide avec celui-ci<\/strong> \u2013 Mug de voyage isotherme de 1,2 L (40 oz) pour les d\u00e9veloppeurs en d\u00e9placement.<\/p>\n<p>Emportez votre caf\u00e9 partout \u2013 cette tasse isotherme le garde chaud pendant des heures pour que vous puissiez d\u00e9boguer en toute tranquillit\u00e9.<\/p>\n<p><strong>Cadeau id\u00e9al pour :<\/strong> Programmeurs, d\u00e9veloppeurs, ing\u00e9nieurs logiciels, administrateurs syst\u00e8me, utilisateurs Linux, joueurs, streamers et passionn\u00e9s de technologie qui appr\u00e9cient l&#039;humour du monde des d\u00e9veloppeurs. Id\u00e9al pour les anniversaires, les f\u00eates, les cadeaux d&#039;entreprise ou pour se faire plaisir\u00a0!<\/p>\n<p><strong>D\u00e9tails du produit\u00a0:<\/strong><\/p>\n<p>\u2022 Mat\u00e9riaux et construction de qualit\u00e9 sup\u00e9rieure<br \/>\n\u2022 Impression durable et \u00e9clatante<br \/>\n\u2022 Coupe classique et confort optimal<\/p>\n<table id=\"size-guide\" style=\"min-width: 360px\">\n<thead>\n<tr>\n<th style=\"padding: 10px\">&nbsp;<\/th>\n<th style=\"color: #000000;font-weight: 500;text-align: left;font-size: 15px;padding: 10px\">40 oz<\/th>\n<\/tr>\n<\/thead>\n<tbody>\n<tr>\n<td style=\"padding: 10px;color: #525252;font-size: 15px;border-top: 1px solid #ededed\">Hauteur, en<\/td>\n<td style=\"padding: 10px;color: #525252;font-size: 15px;border-top: 1px solid #ededed\">9.84<\/td>\n<\/tr>\n<tr>\n<td style=\"padding: 10px;color: #525252;font-size: 15px;border-top: 1px solid #ededed\">Largeur avec poign\u00e9e, en<\/td>\n<td style=\"padding: 10px;color: #525252;font-size: 15px;border-top: 1px solid #ededed\">5.79<\/td>\n<\/tr>\n<tr>\n<td style=\"padding: 10px;color: #525252;font-size: 15px;border-top: 1px solid #ededed\">Diam\u00e8tre, en<\/td>\n<td style=\"padding: 10px;color: #525252;font-size: 15px;border-top: 1px solid #ededed\">4.02<\/td>\n<\/tr>\n<\/tbody>\n<\/table>","protected":false},"excerpt":{"rendered":"<p>The Code Is Strong With This One \u2013 40oz insulated travel mug for developers on the go. Take your coffee anywhere \u2013 this insulated mug keeps it hot for hours so you can debug in peace. Great gift for: Programmers, developers, software engineers, sysadmins, Linux users, gamers, streamers, and tech enthusiasts who appreciate developer culture [&hellip;]<\/p>\n","protected":false},"featured_media":24596,"comment_status":"open","ping_status":"closed","template":"","meta":{"_acf_changed":false,"rs_blank_template":"","rs_page_bg_color":"","slide_template_v7":""},"product_brand":[],"product_cat":[35],"product_tag":[],"class_list":{"0":"post-17580","1":"product","2":"type-product","3":"status-publish","4":"has-post-thumbnail","6":"product_cat-accesories","8":"first","9":"instock","10":"taxable","11":"shipping-taxable","12":"purchasable","13":"product-type-variable","14":"has-default-attributes"},"acf":[],"aioseo_notices":[],"jetpack_sharing_enabled":true,"_links":{"self":[{"href":"https:\/\/ideasgeek.co\/fr\/wp-json\/wp\/v2\/product\/17580","targetHints":{"allow":["GET"]}}],"collection":[{"href":"https:\/\/ideasgeek.co\/fr\/wp-json\/wp\/v2\/product"}],"about":[{"href":"https:\/\/ideasgeek.co\/fr\/wp-json\/wp\/v2\/types\/product"}],"replies":[{"embeddable":true,"href":"https:\/\/ideasgeek.co\/fr\/wp-json\/wp\/v2\/comments?post=17580"}],"version-history":[{"count":2,"href":"https:\/\/ideasgeek.co\/fr\/wp-json\/wp\/v2\/product\/17580\/revisions"}],"predecessor-version":[{"id":27825,"href":"https:\/\/ideasgeek.co\/fr\/wp-json\/wp\/v2\/product\/17580\/revisions\/27825"}],"wp:featuredmedia":[{"embeddable":true,"href":"https:\/\/ideasgeek.co\/fr\/wp-json\/wp\/v2\/media\/24596"}],"wp:attachment":[{"href":"https:\/\/ideasgeek.co\/fr\/wp-json\/wp\/v2\/media?parent=17580"}],"wp:term":[{"taxonomy":"product_brand","embeddable":true,"href":"https:\/\/ideasgeek.co\/fr\/wp-json\/wp\/v2\/product_brand?post=17580"},{"taxonomy":"product_cat","embeddable":true,"href":"https:\/\/ideasgeek.co\/fr\/wp-json\/wp\/v2\/product_cat?post=17580"},{"taxonomy":"product_tag","embeddable":true,"href":"https:\/\/ideasgeek.co\/fr\/wp-json\/wp\/v2\/product_tag?post=17580"}],"curies":[{"name":"wp","href":"https:\/\/api.w.org\/{rel}","templated":true}]}}