{"id":20587,"date":"2026-02-23T00:21:25","date_gmt":"2026-02-23T00:21:25","guid":{"rendered":"https:\/\/ideasgeek.co\/product\/kiss-cut-stickers-bash-2\/"},"modified":"2026-03-30T09:32:10","modified_gmt":"2026-03-30T09:32:10","slug":"kiss-cut-stickers-bash-2","status":"publish","type":"product","link":"https:\/\/ideasgeek.co\/fr\/produit\/kiss-cut-stickers-bash-2\/","title":{"rendered":"N\u00e9 pour casser \u2013 Autocollant"},"content":{"rendered":"<p><strong>Frapper<\/strong> \u2013 Autocollant en vinyle de qualit\u00e9 sup\u00e9rieure pour ordinateurs portables, bouteilles d&#039;eau et plus encore.<\/p>\n<p>Vinyle r\u00e9sistant aux intemp\u00e9ries qui dure des ann\u00e9es \u2013 affichez votre humour de d\u00e9veloppeur sur n&#039;importe quelle surface.<\/p>\n<p><strong>Cadeau id\u00e9al pour :<\/strong> Programmeurs, d\u00e9veloppeurs, ing\u00e9nieurs logiciels, administrateurs syst\u00e8me, utilisateurs Linux, joueurs, streamers et passionn\u00e9s de technologie qui appr\u00e9cient l&#039;humour du monde des d\u00e9veloppeurs. Id\u00e9al pour les anniversaires, les f\u00eates, les cadeaux d&#039;entreprise ou pour se faire plaisir\u00a0!<\/p>\n<p><strong>D\u00e9tails du produit\u00a0:<\/strong><\/p>\n<p>\u2022 Mat\u00e9riaux et construction de qualit\u00e9 sup\u00e9rieure<br \/>\n\u2022 Impression durable et \u00e9clatante<br \/>\n\u2022 Coupe classique et confort optimal<\/p>\n<table id=\"size-guide\" style=\"min-width: 360px\">\n<thead>\n<tr>\n<th style=\"padding: 10px\">&nbsp;<\/th>\n<th style=\"color: #000000;font-weight: 500;text-align: left;font-size: 15px;padding: 10px\">2\u2033 \u00d7 2\u2033<\/th>\n<th style=\"color: #000000;font-weight: 500;text-align: left;font-size: 15px;padding: 10px\">3\u2033 \u00d7 3\u2033<\/th>\n<th style=\"color: #000000;font-weight: 500;text-align: left;font-size: 15px;padding: 10px\">4\u2033 \u00d7 4\u2033<\/th>\n<th style=\"color: #000000;font-weight: 500;text-align: left;font-size: 15px;padding: 10px\">6\u2033 \u00d7 6\u2033<\/th>\n<\/tr>\n<\/thead>\n<tbody>\n<tr>\n<td style=\"padding: 10px;color: #525252;font-size: 15px;border-top: 1px solid #ededed\">Largeur, cm<\/td>\n<td style=\"padding: 10px;color: #525252;font-size: 15px;border-top: 1px solid #ededed\">5.08<\/td>\n<td style=\"padding: 10px;color: #525252;font-size: 15px;border-top: 1px solid #ededed\">7.62<\/td>\n<td style=\"padding: 10px;color: #525252;font-size: 15px;border-top: 1px solid #ededed\">10.16<\/td>\n<td style=\"padding: 10px;color: #525252;font-size: 15px;border-top: 1px solid #ededed\">15.20<\/td>\n<\/tr>\n<tr>\n<td style=\"padding: 10px;color: #525252;font-size: 15px;border-top: 1px solid #ededed\">Longueur, cm<\/td>\n<td style=\"padding: 10px;color: #525252;font-size: 15px;border-top: 1px solid #ededed\">5.08<\/td>\n<td style=\"padding: 10px;color: #525252;font-size: 15px;border-top: 1px solid #ededed\">7.62<\/td>\n<td style=\"padding: 10px;color: #525252;font-size: 15px;border-top: 1px solid #ededed\">10.16<\/td>\n<td style=\"padding: 10px;color: #525252;font-size: 15px;border-top: 1px solid #ededed\">15.20<\/td>\n<\/tr>\n<\/tbody>\n<\/table>","protected":false},"excerpt":{"rendered":"<p>Bash \u2013 Premium vinyl sticker for laptops, water bottles, and more. Weather-resistant vinyl that lasts years \u2013 show off your dev humor on any surface. Great gift for: Programmers, developers, software engineers, sysadmins, Linux users, gamers, streamers, and tech enthusiasts who appreciate developer culture humor. Perfect for birthdays, holidays, office gifts, or treating yourself! Product [&hellip;]<\/p>\n","protected":false},"featured_media":28379,"comment_status":"open","ping_status":"closed","template":"","meta":{"_acf_changed":false,"rs_blank_template":"","rs_page_bg_color":"","slide_template_v7":""},"product_brand":[],"product_cat":[35],"product_tag":[],"class_list":{"0":"post-20587","1":"product","2":"type-product","3":"status-publish","4":"has-post-thumbnail","6":"product_cat-accesories","8":"first","9":"instock","10":"taxable","11":"shipping-taxable","12":"purchasable","13":"product-type-variable","14":"has-default-attributes"},"acf":[],"aioseo_notices":[],"jetpack_sharing_enabled":true,"_links":{"self":[{"href":"https:\/\/ideasgeek.co\/fr\/wp-json\/wp\/v2\/product\/20587","targetHints":{"allow":["GET"]}}],"collection":[{"href":"https:\/\/ideasgeek.co\/fr\/wp-json\/wp\/v2\/product"}],"about":[{"href":"https:\/\/ideasgeek.co\/fr\/wp-json\/wp\/v2\/types\/product"}],"replies":[{"embeddable":true,"href":"https:\/\/ideasgeek.co\/fr\/wp-json\/wp\/v2\/comments?post=20587"}],"version-history":[{"count":3,"href":"https:\/\/ideasgeek.co\/fr\/wp-json\/wp\/v2\/product\/20587\/revisions"}],"predecessor-version":[{"id":28115,"href":"https:\/\/ideasgeek.co\/fr\/wp-json\/wp\/v2\/product\/20587\/revisions\/28115"}],"wp:featuredmedia":[{"embeddable":true,"href":"https:\/\/ideasgeek.co\/fr\/wp-json\/wp\/v2\/media\/28379"}],"wp:attachment":[{"href":"https:\/\/ideasgeek.co\/fr\/wp-json\/wp\/v2\/media?parent=20587"}],"wp:term":[{"taxonomy":"product_brand","embeddable":true,"href":"https:\/\/ideasgeek.co\/fr\/wp-json\/wp\/v2\/product_brand?post=20587"},{"taxonomy":"product_cat","embeddable":true,"href":"https:\/\/ideasgeek.co\/fr\/wp-json\/wp\/v2\/product_cat?post=20587"},{"taxonomy":"product_tag","embeddable":true,"href":"https:\/\/ideasgeek.co\/fr\/wp-json\/wp\/v2\/product_tag?post=20587"}],"curies":[{"name":"wp","href":"https:\/\/api.w.org\/{rel}","templated":true}]}}