{"id":20721,"date":"2026-02-23T00:22:18","date_gmt":"2026-02-23T00:22:18","guid":{"rendered":"https:\/\/ideasgeek.co\/product\/copy-of-kensington-tritan-no-system-is-safe\/"},"modified":"2026-03-29T21:51:30","modified_gmt":"2026-03-29T21:51:30","slug":"copy-of-kensington-tritan-no-system-is-safe","status":"publish","type":"product","link":"https:\/\/ideasgeek.co\/fr\/produit\/copy-of-kensington-tritan-no-system-is-safe\/","title":{"rendered":"Aucun syst\u00e8me n&#039;est s\u00fbr \u2013 Bouteille d&#039;eau"},"content":{"rendered":"<p><strong>Aucun syst\u00e8me n&#039;est s\u00fbr<\/strong> \u2013 Restez hydrat\u00e9(e) avec style, comme dans le code.<\/p>\n<p>L&#039;isolation \u00e0 double paroi maintient les boissons froides pendant 24 heures ou chaudes pendant 12 heures \u2013 restez hydrat\u00e9 pendant que vous codez.<\/p>\n<p><strong>Cadeau id\u00e9al pour :<\/strong> Programmeurs, d\u00e9veloppeurs, ing\u00e9nieurs logiciels, administrateurs syst\u00e8me, utilisateurs Linux, joueurs, streamers et passionn\u00e9s de technologie qui appr\u00e9cient l&#039;humour du monde des d\u00e9veloppeurs. Id\u00e9al pour les anniversaires, les f\u00eates, les cadeaux d&#039;entreprise ou pour se faire plaisir\u00a0!<\/p>\n<p><strong>D\u00e9tails du produit\u00a0:<\/strong><\/p>\n<p>\u2022 Mat\u00e9riaux et construction de qualit\u00e9 sup\u00e9rieure<br \/>\n\u2022 Impression durable et \u00e9clatante<br \/>\n\u2022 Coupe classique et confort optimal<\/p>\n<table id=\"size-guide\" style=\"min-width: 360px\">\n<thead>\n<tr>\n<th style=\"padding: 10px\">&nbsp;<\/th>\n<th style=\"color: #000000;font-weight: 500;text-align: left;font-size: 15px;padding: 10px\">20 oz<\/th>\n<\/tr>\n<\/thead>\n<tbody>\n<tr>\n<td style=\"padding: 10px;color: #525252;font-size: 15px;border-top: 1px solid #ededed\">Hauteur, cm<\/td>\n<td style=\"padding: 10px;color: #525252;font-size: 15px;border-top: 1px solid #ededed\">24.20<\/td>\n<\/tr>\n<tr>\n<td style=\"padding: 10px;color: #525252;font-size: 15px;border-top: 1px solid #ededed\">Diam\u00e8tre, cm<\/td>\n<td style=\"padding: 10px;color: #525252;font-size: 15px;border-top: 1px solid #ededed\">6.60<\/td>\n<\/tr>\n<\/tbody>\n<\/table>","protected":false},"excerpt":{"rendered":"<p>No System Is Safe \u2013 Stay hydrated in code style. Double-wall insulation keeps drinks cold 24hrs or hot 12hrs \u2013 stay hydrated while you code. Great gift for: Programmers, developers, software engineers, sysadmins, Linux users, gamers, streamers, and tech enthusiasts who appreciate developer culture humor. Perfect for birthdays, holidays, office gifts, or treating yourself! Product [&hellip;]<\/p>\n","protected":false},"featured_media":25853,"comment_status":"open","ping_status":"closed","template":"","meta":{"_acf_changed":false,"rs_blank_template":"","rs_page_bg_color":"","slide_template_v7":""},"product_brand":[],"product_cat":[35],"product_tag":[],"class_list":{"0":"post-20721","1":"product","2":"type-product","3":"status-publish","4":"has-post-thumbnail","6":"product_cat-accesories","8":"first","9":"instock","10":"taxable","11":"shipping-taxable","12":"purchasable","13":"product-type-variable","14":"has-default-attributes"},"acf":[],"aioseo_notices":[],"jetpack_sharing_enabled":true,"_links":{"self":[{"href":"https:\/\/ideasgeek.co\/fr\/wp-json\/wp\/v2\/product\/20721","targetHints":{"allow":["GET"]}}],"collection":[{"href":"https:\/\/ideasgeek.co\/fr\/wp-json\/wp\/v2\/product"}],"about":[{"href":"https:\/\/ideasgeek.co\/fr\/wp-json\/wp\/v2\/types\/product"}],"replies":[{"embeddable":true,"href":"https:\/\/ideasgeek.co\/fr\/wp-json\/wp\/v2\/comments?post=20721"}],"version-history":[{"count":3,"href":"https:\/\/ideasgeek.co\/fr\/wp-json\/wp\/v2\/product\/20721\/revisions"}],"predecessor-version":[{"id":28009,"href":"https:\/\/ideasgeek.co\/fr\/wp-json\/wp\/v2\/product\/20721\/revisions\/28009"}],"wp:featuredmedia":[{"embeddable":true,"href":"https:\/\/ideasgeek.co\/fr\/wp-json\/wp\/v2\/media\/25853"}],"wp:attachment":[{"href":"https:\/\/ideasgeek.co\/fr\/wp-json\/wp\/v2\/media?parent=20721"}],"wp:term":[{"taxonomy":"product_brand","embeddable":true,"href":"https:\/\/ideasgeek.co\/fr\/wp-json\/wp\/v2\/product_brand?post=20721"},{"taxonomy":"product_cat","embeddable":true,"href":"https:\/\/ideasgeek.co\/fr\/wp-json\/wp\/v2\/product_cat?post=20721"},{"taxonomy":"product_tag","embeddable":true,"href":"https:\/\/ideasgeek.co\/fr\/wp-json\/wp\/v2\/product_tag?post=20721"}],"curies":[{"name":"wp","href":"https:\/\/api.w.org\/{rel}","templated":true}]}}