{"id":20741,"date":"2026-02-23T00:22:47","date_gmt":"2026-02-23T00:22:47","guid":{"rendered":"https:\/\/ideasgeek.co\/product\/bag-the-linux-is-strong-2\/"},"modified":"2026-03-29T21:50:31","modified_gmt":"2026-03-29T21:50:31","slug":"bag-the-linux-is-strong-2","status":"publish","type":"product","link":"https:\/\/ideasgeek.co\/fr\/produit\/bag-the-linux-is-strong-2\/","title":{"rendered":"Linux est fort \u2013 Sac fourre-tout"},"content":{"rendered":"<p><strong>Linux est puissant<\/strong> \u2013 Carry your stuff with code pride.<\/p>\n<p>Roomy canvas bag with reinforced handles \u2013 carry your laptop, books, and code pride.<\/p>\n<p><strong>Cadeau id\u00e9al pour :<\/strong> Programmeurs, d\u00e9veloppeurs, ing\u00e9nieurs logiciels, administrateurs syst\u00e8me, utilisateurs Linux, joueurs, streamers et passionn\u00e9s de technologie qui appr\u00e9cient l&#039;humour du monde des d\u00e9veloppeurs. Id\u00e9al pour les anniversaires, les f\u00eates, les cadeaux d&#039;entreprise ou pour se faire plaisir\u00a0!<\/p>\n<p><strong>D\u00e9tails du produit\u00a0:<\/strong><\/p>\n<p>\u2022 Mat\u00e9riaux et construction de qualit\u00e9 sup\u00e9rieure<br \/>\n\u2022 Impression durable et \u00e9clatante<br \/>\n\u2022 Coupe classique et confort optimal<\/p>\n<table id=\"size-guide\" style=\"min-width: 360px\">\n<thead>\n<tr>\n<th style=\"padding: 10px\">&nbsp;<\/th>\n<th style=\"color: #000000;font-weight: 500;text-align: left;font-size: 15px;padding: 10px\">Taille unique<\/th>\n<\/tr>\n<\/thead>\n<tbody>\n<tr>\n<td style=\"padding: 10px;color: #525252;font-size: 15px;border-top: 1px solid #ededed\">Longueur, cm<\/td>\n<td style=\"padding: 10px;color: #525252;font-size: 15px;border-top: 1px solid #ededed\">27.50<\/td>\n<\/tr>\n<tr>\n<td style=\"padding: 10px;color: #525252;font-size: 15px;border-top: 1px solid #ededed\">Largeur, cm<\/td>\n<td style=\"padding: 10px;color: #525252;font-size: 15px;border-top: 1px solid #ededed\">12.50<\/td>\n<\/tr>\n<tr>\n<td style=\"padding: 10px;color: #525252;font-size: 15px;border-top: 1px solid #ededed\">Hauteur, cm<\/td>\n<td style=\"padding: 10px;color: #525252;font-size: 15px;border-top: 1px solid #ededed\">34.50<\/td>\n<\/tr>\n<\/tbody>\n<\/table>","protected":false},"excerpt":{"rendered":"<p>Linux Is Strong \u2013 Carry your stuff with code pride. Roomy canvas bag with reinforced handles \u2013 carry your laptop, books, and code pride. Great gift for: Programmers, developers, software engineers, sysadmins, Linux users, gamers, streamers, and tech enthusiasts who appreciate developer culture humor. Perfect for birthdays, holidays, office gifts, or treating yourself! Product Details: [&hellip;]<\/p>\n","protected":false},"featured_media":25747,"comment_status":"open","ping_status":"closed","template":"","meta":{"_acf_changed":false,"rs_blank_template":"","rs_page_bg_color":"","slide_template_v7":""},"product_brand":[],"product_cat":[36],"product_tag":[],"class_list":{"0":"post-20741","1":"product","2":"type-product","3":"status-publish","4":"has-post-thumbnail","6":"product_cat-bags-and-shoes","8":"first","9":"instock","10":"taxable","11":"shipping-taxable","12":"purchasable","13":"product-type-variable","14":"has-default-attributes"},"acf":[],"aioseo_notices":[],"jetpack_sharing_enabled":true,"_links":{"self":[{"href":"https:\/\/ideasgeek.co\/fr\/wp-json\/wp\/v2\/product\/20741","targetHints":{"allow":["GET"]}}],"collection":[{"href":"https:\/\/ideasgeek.co\/fr\/wp-json\/wp\/v2\/product"}],"about":[{"href":"https:\/\/ideasgeek.co\/fr\/wp-json\/wp\/v2\/types\/product"}],"replies":[{"embeddable":true,"href":"https:\/\/ideasgeek.co\/fr\/wp-json\/wp\/v2\/comments?post=20741"}],"version-history":[{"count":2,"href":"https:\/\/ideasgeek.co\/fr\/wp-json\/wp\/v2\/product\/20741\/revisions"}],"predecessor-version":[{"id":27870,"href":"https:\/\/ideasgeek.co\/fr\/wp-json\/wp\/v2\/product\/20741\/revisions\/27870"}],"wp:featuredmedia":[{"embeddable":true,"href":"https:\/\/ideasgeek.co\/fr\/wp-json\/wp\/v2\/media\/25747"}],"wp:attachment":[{"href":"https:\/\/ideasgeek.co\/fr\/wp-json\/wp\/v2\/media?parent=20741"}],"wp:term":[{"taxonomy":"product_brand","embeddable":true,"href":"https:\/\/ideasgeek.co\/fr\/wp-json\/wp\/v2\/product_brand?post=20741"},{"taxonomy":"product_cat","embeddable":true,"href":"https:\/\/ideasgeek.co\/fr\/wp-json\/wp\/v2\/product_cat?post=20741"},{"taxonomy":"product_tag","embeddable":true,"href":"https:\/\/ideasgeek.co\/fr\/wp-json\/wp\/v2\/product_tag?post=20741"}],"curies":[{"name":"wp","href":"https:\/\/api.w.org\/{rel}","templated":true}]}}