{"id":21308,"date":"2026-02-23T00:31:09","date_gmt":"2026-02-23T00:31:09","guid":{"rendered":"https:\/\/ideasgeek.co\/product\/linux-master-t-shirt\/"},"modified":"2026-03-29T21:43:04","modified_gmt":"2026-03-29T21:43:04","slug":"linux-master-t-shirt","status":"publish","type":"product","link":"https:\/\/ideasgeek.co\/fr\/produit\/linux-master-t-shirt\/","title":{"rendered":"T-shirt Linux Master"},"content":{"rendered":"<p><strong>Ma\u00eetre Linux<\/strong> \u2013 Le t-shirt qui parle votre langue.<\/p>\n<p>Coton de qualit\u00e9 sup\u00e9rieure, imprim\u00e9 \u00e9clatant, coupe classique \u2013 suffisamment confortable pour \u00eatre port\u00e9 toute la journ\u00e9e.<\/p>\n<p><strong>Cadeau id\u00e9al pour :<\/strong> Programmeurs, d\u00e9veloppeurs, ing\u00e9nieurs logiciels, administrateurs syst\u00e8me, utilisateurs Linux, joueurs, streamers et passionn\u00e9s de technologie qui appr\u00e9cient l&#039;humour du monde des d\u00e9veloppeurs. Id\u00e9al pour les anniversaires, les f\u00eates, les cadeaux d&#039;entreprise ou pour se faire plaisir\u00a0!<\/p>\n<p><strong>D\u00e9tails du produit\u00a0:<\/strong><\/p>\n<p>\u2022 Mat\u00e9riaux et construction de qualit\u00e9 sup\u00e9rieure<br \/>\n\u2022 Impression durable et \u00e9clatante<br \/>\n\u2022 Coupe classique et confort optimal<\/p>\n<table id=\"size-guide\" style=\"min-width: 360px\">\n<thead>\n<tr>\n<th style=\"padding: 10px\">&nbsp;<\/th>\n<th style=\"color: #000000;font-weight: 500;text-align: left;font-size: 15px;padding: 10px\">S<\/th>\n<th style=\"color: #000000;font-weight: 500;text-align: left;font-size: 15px;padding: 10px\">M<\/th>\n<th style=\"color: #000000;font-weight: 500;text-align: left;font-size: 15px;padding: 10px\">L<\/th>\n<th style=\"color: #000000;font-weight: 500;text-align: left;font-size: 15px;padding: 10px\">XL<\/th>\n<th style=\"color: #000000;font-weight: 500;text-align: left;font-size: 15px;padding: 10px\">2XL<\/th>\n<th style=\"color: #000000;font-weight: 500;text-align: left;font-size: 15px;padding: 10px\">3XL<\/th>\n<th style=\"color: #000000;font-weight: 500;text-align: left;font-size: 15px;padding: 10px\">4XL<\/th>\n<th style=\"color: #000000;font-weight: 500;text-align: left;font-size: 15px;padding: 10px\">5XL<\/th>\n<\/tr>\n<\/thead>\n<tbody>\n<tr>\n<td style=\"padding: 10px;color: #525252;font-size: 15px;border-top: 1px solid #ededed\">Largeur, cm<\/td>\n<td style=\"padding: 10px;color: #525252;font-size: 15px;border-top: 1px solid #ededed\">45.70<\/td>\n<td style=\"padding: 10px;color: #525252;font-size: 15px;border-top: 1px solid #ededed\">50.80<\/td>\n<td style=\"padding: 10px;color: #525252;font-size: 15px;border-top: 1px solid #ededed\">55.80<\/td>\n<td style=\"padding: 10px;color: #525252;font-size: 15px;border-top: 1px solid #ededed\">60.90<\/td>\n<td style=\"padding: 10px;color: #525252;font-size: 15px;border-top: 1px solid #ededed\">66.00<\/td>\n<td style=\"padding: 10px;color: #525252;font-size: 15px;border-top: 1px solid #ededed\">71.10<\/td>\n<td style=\"padding: 10px;color: #525252;font-size: 15px;border-top: 1px solid #ededed\">76.30<\/td>\n<td style=\"padding: 10px;color: #525252;font-size: 15px;border-top: 1px solid #ededed\">81.20<\/td>\n<\/tr>\n<tr>\n<td style=\"padding: 10px;color: #525252;font-size: 15px;border-top: 1px solid #ededed\">Longueur, cm<\/td>\n<td style=\"padding: 10px;color: #525252;font-size: 15px;border-top: 1px solid #ededed\">71.12<\/td>\n<td style=\"padding: 10px;color: #525252;font-size: 15px;border-top: 1px solid #ededed\">73.66<\/td>\n<td style=\"padding: 10px;color: #525252;font-size: 15px;border-top: 1px solid #ededed\">76.20<\/td>\n<td style=\"padding: 10px;color: #525252;font-size: 15px;border-top: 1px solid #ededed\">78.74<\/td>\n<td style=\"padding: 10px;color: #525252;font-size: 15px;border-top: 1px solid #ededed\">81.28<\/td>\n<td style=\"padding: 10px;color: #525252;font-size: 15px;border-top: 1px solid #ededed\">83.82<\/td>\n<td style=\"padding: 10px;color: #525252;font-size: 15px;border-top: 1px solid #ededed\">86.36<\/td>\n<td style=\"padding: 10px;color: #525252;font-size: 15px;border-top: 1px solid #ededed\">88.90<\/td>\n<\/tr>\n<tr>\n<td style=\"padding: 10px;color: #525252;font-size: 15px;border-top: 1px solid #ededed\">Longueur des manches, cm<\/td>\n<td style=\"padding: 10px;color: #525252;font-size: 15px;border-top: 1px solid #ededed\">18.40<\/td>\n<td style=\"padding: 10px;color: #525252;font-size: 15px;border-top: 1px solid #ededed\">19.70<\/td>\n<td style=\"padding: 10px;color: #525252;font-size: 15px;border-top: 1px solid #ededed\">20.90<\/td>\n<td style=\"padding: 10px;color: #525252;font-size: 15px;border-top: 1px solid #ededed\">22.20<\/td>\n<td style=\"padding: 10px;color: #525252;font-size: 15px;border-top: 1px solid #ededed\">23.50<\/td>\n<td style=\"padding: 10px;color: #525252;font-size: 15px;border-top: 1px solid #ededed\">24.80<\/td>\n<td style=\"padding: 10px;color: #525252;font-size: 15px;border-top: 1px solid #ededed\">26.00<\/td>\n<td style=\"padding: 10px;color: #525252;font-size: 15px;border-top: 1px solid #ededed\">27.30<\/td>\n<\/tr>\n<\/tbody>\n<\/table>","protected":false},"excerpt":{"rendered":"<p>Linux Master \u2013 The tee that speaks your language. Premium cotton, vibrant print, classic fit \u2013 comfortable enough for all-day wear. Great gift for: Programmers, developers, software engineers, sysadmins, Linux users, gamers, streamers, and tech enthusiasts who appreciate developer culture humor. Perfect for birthdays, holidays, office gifts, or treating yourself! Product Details: \u2022 Premium quality [&hellip;]<\/p>\n","protected":false},"featured_media":26095,"comment_status":"open","ping_status":"closed","template":"","meta":{"_acf_changed":false,"rs_blank_template":"","rs_page_bg_color":"","slide_template_v7":""},"product_brand":[],"product_cat":[32],"product_tag":[],"class_list":{"0":"post-21308","1":"product","2":"type-product","3":"status-publish","4":"has-post-thumbnail","6":"product_cat-t-shirts","8":"first","9":"instock","10":"taxable","11":"shipping-taxable","12":"purchasable","13":"product-type-variable","14":"has-default-attributes"},"acf":[],"aioseo_notices":[],"jetpack_sharing_enabled":true,"_links":{"self":[{"href":"https:\/\/ideasgeek.co\/fr\/wp-json\/wp\/v2\/product\/21308","targetHints":{"allow":["GET"]}}],"collection":[{"href":"https:\/\/ideasgeek.co\/fr\/wp-json\/wp\/v2\/product"}],"about":[{"href":"https:\/\/ideasgeek.co\/fr\/wp-json\/wp\/v2\/types\/product"}],"replies":[{"embeddable":true,"href":"https:\/\/ideasgeek.co\/fr\/wp-json\/wp\/v2\/comments?post=21308"}],"version-history":[{"count":2,"href":"https:\/\/ideasgeek.co\/fr\/wp-json\/wp\/v2\/product\/21308\/revisions"}],"predecessor-version":[{"id":27835,"href":"https:\/\/ideasgeek.co\/fr\/wp-json\/wp\/v2\/product\/21308\/revisions\/27835"}],"wp:featuredmedia":[{"embeddable":true,"href":"https:\/\/ideasgeek.co\/fr\/wp-json\/wp\/v2\/media\/26095"}],"wp:attachment":[{"href":"https:\/\/ideasgeek.co\/fr\/wp-json\/wp\/v2\/media?parent=21308"}],"wp:term":[{"taxonomy":"product_brand","embeddable":true,"href":"https:\/\/ideasgeek.co\/fr\/wp-json\/wp\/v2\/product_brand?post=21308"},{"taxonomy":"product_cat","embeddable":true,"href":"https:\/\/ideasgeek.co\/fr\/wp-json\/wp\/v2\/product_cat?post=21308"},{"taxonomy":"product_tag","embeddable":true,"href":"https:\/\/ideasgeek.co\/fr\/wp-json\/wp\/v2\/product_tag?post=21308"}],"curies":[{"name":"wp","href":"https:\/\/api.w.org\/{rel}","templated":true}]}}