{"id":27176,"date":"2026-03-01T23:18:48","date_gmt":"2026-03-01T23:18:48","guid":{"rendered":"https:\/\/ideasgeek.co\/product\/change-the-world-developer-hooded-sweatshirt\/"},"modified":"2026-03-29T21:57:52","modified_gmt":"2026-03-29T21:57:52","slug":"change-the-world-developer-hooded-sweatshirt","status":"publish","type":"product","link":"https:\/\/ideasgeek.co\/fr\/produit\/change-the-world-developer-hooded-sweatshirt\/","title":{"rendered":"Je peux changer le monde \u2013 Sweat \u00e0 capuche"},"content":{"rendered":"<p><strong>Je peux changer le monde<\/strong> \u2013 Sweat \u00e0 capuche haut de gamme pour les d\u00e9veloppeurs qui affichent fi\u00e8rement leur code.<\/p>\n<p>Int\u00e9rieur en polaire douce, impression durable qui ne se d\u00e9colore pas \u2013 parfait pour les longues sessions de codage ou pour une tenue d\u00e9contract\u00e9e.<\/p>\n<p><strong>Cadeau id\u00e9al pour :<\/strong> Programmeurs, d\u00e9veloppeurs, ing\u00e9nieurs logiciels, administrateurs syst\u00e8me, utilisateurs Linux, joueurs, streamers et passionn\u00e9s de technologie qui appr\u00e9cient l&#039;humour du monde des d\u00e9veloppeurs. Id\u00e9al pour les anniversaires, les f\u00eates, les cadeaux d&#039;entreprise ou pour se faire plaisir\u00a0!<\/p>\n<p><strong>D\u00e9tails du produit\u00a0:<\/strong><\/p>\n<p>\u2022 Mat\u00e9riaux et construction de qualit\u00e9 sup\u00e9rieure<br \/>\n\u2022 Impression durable et \u00e9clatante<br \/>\n\u2022 Coupe classique et confort optimal<\/p>\n<table id=\"size-guide\" style=\"min-width: 360px\">\n<thead>\n<tr>\n<th style=\"padding: 10px\">&nbsp;<\/th>\n<th style=\"color: #000000;font-weight: 500;text-align: left;font-size: 15px;padding: 10px\">S<\/th>\n<th style=\"color: #000000;font-weight: 500;text-align: left;font-size: 15px;padding: 10px\">M<\/th>\n<th style=\"color: #000000;font-weight: 500;text-align: left;font-size: 15px;padding: 10px\">L<\/th>\n<th style=\"color: #000000;font-weight: 500;text-align: left;font-size: 15px;padding: 10px\">XL<\/th>\n<th style=\"color: #000000;font-weight: 500;text-align: left;font-size: 15px;padding: 10px\">2XL<\/th>\n<th style=\"color: #000000;font-weight: 500;text-align: left;font-size: 15px;padding: 10px\">3XL<\/th>\n<th style=\"color: #000000;font-weight: 500;text-align: left;font-size: 15px;padding: 10px\">4XL<\/th>\n<th style=\"color: #000000;font-weight: 500;text-align: left;font-size: 15px;padding: 10px\">5XL<\/th>\n<\/tr>\n<\/thead>\n<tbody>\n<tr>\n<td style=\"padding: 10px;color: #525252;font-size: 15px;border-top: 1px solid #ededed\">Largeur, cm<\/td>\n<td style=\"padding: 10px;color: #525252;font-size: 15px;border-top: 1px solid #ededed\">51.00<\/td>\n<td style=\"padding: 10px;color: #525252;font-size: 15px;border-top: 1px solid #ededed\">56.00<\/td>\n<td style=\"padding: 10px;color: #525252;font-size: 15px;border-top: 1px solid #ededed\">61.00<\/td>\n<td style=\"padding: 10px;color: #525252;font-size: 15px;border-top: 1px solid #ededed\">66.00<\/td>\n<td style=\"padding: 10px;color: #525252;font-size: 15px;border-top: 1px solid #ededed\">71.10<\/td>\n<td style=\"padding: 10px;color: #525252;font-size: 15px;border-top: 1px solid #ededed\">76.00<\/td>\n<td style=\"padding: 10px;color: #525252;font-size: 15px;border-top: 1px solid #ededed\">81.00<\/td>\n<td style=\"padding: 10px;color: #525252;font-size: 15px;border-top: 1px solid #ededed\">86.00<\/td>\n<\/tr>\n<tr>\n<td style=\"padding: 10px;color: #525252;font-size: 15px;border-top: 1px solid #ededed\">Longueur, cm<\/td>\n<td style=\"padding: 10px;color: #525252;font-size: 15px;border-top: 1px solid #ededed\">69.00<\/td>\n<td style=\"padding: 10px;color: #525252;font-size: 15px;border-top: 1px solid #ededed\">71.00<\/td>\n<td style=\"padding: 10px;color: #525252;font-size: 15px;border-top: 1px solid #ededed\">74.00<\/td>\n<td style=\"padding: 10px;color: #525252;font-size: 15px;border-top: 1px solid #ededed\">76.00<\/td>\n<td style=\"padding: 10px;color: #525252;font-size: 15px;border-top: 1px solid #ededed\">79.00<\/td>\n<td style=\"padding: 10px;color: #525252;font-size: 15px;border-top: 1px solid #ededed\">81.00<\/td>\n<td style=\"padding: 10px;color: #525252;font-size: 15px;border-top: 1px solid #ededed\">84.00<\/td>\n<td style=\"padding: 10px;color: #525252;font-size: 15px;border-top: 1px solid #ededed\">86.00<\/td>\n<\/tr>\n<tr>\n<td style=\"padding: 10px;color: #525252;font-size: 15px;border-top: 1px solid #ededed\">Longueur des manches \u00e0 partir du milieu du dos, cm<\/td>\n<td style=\"padding: 10px;color: #525252;font-size: 15px;border-top: 1px solid #ededed\">85.09<\/td>\n<td style=\"padding: 10px;color: #525252;font-size: 15px;border-top: 1px solid #ededed\">87.63<\/td>\n<td style=\"padding: 10px;color: #525252;font-size: 15px;border-top: 1px solid #ededed\">90.17<\/td>\n<td style=\"padding: 10px;color: #525252;font-size: 15px;border-top: 1px solid #ededed\">92.71<\/td>\n<td style=\"padding: 10px;color: #525252;font-size: 15px;border-top: 1px solid #ededed\">95.25<\/td>\n<td style=\"padding: 10px;color: #525252;font-size: 15px;border-top: 1px solid #ededed\">97.79<\/td>\n<td style=\"padding: 10px;color: #525252;font-size: 15px;border-top: 1px solid #ededed\">100.33<\/td>\n<td style=\"padding: 10px;color: #525252;font-size: 15px;border-top: 1px solid #ededed\">102.87<\/td>\n<\/tr>\n<\/tbody>\n<\/table>","protected":false},"excerpt":{"rendered":"<p>I Can Change the World \u2013 Premium hoodie for developers who wear their code pride. Soft fleece interior, durable print that won&#8217;t fade \u2013 perfect for long coding sessions or casual wear. Great gift for: Programmers, developers, software engineers, sysadmins, Linux users, gamers, streamers, and tech enthusiasts who appreciate developer culture humor. Perfect for birthdays, [&hellip;]<\/p>\n","protected":false},"featured_media":27249,"comment_status":"open","ping_status":"closed","template":"","meta":{"_acf_changed":false,"rs_blank_template":"","rs_page_bg_color":"","slide_template_v7":""},"product_brand":[],"product_cat":[33],"product_tag":[],"class_list":{"0":"post-27176","1":"product","2":"type-product","3":"status-publish","4":"has-post-thumbnail","6":"product_cat-hoodies","8":"first","9":"instock","10":"taxable","11":"shipping-taxable","12":"purchasable","13":"product-type-variable","14":"has-default-attributes"},"acf":[],"aioseo_notices":[],"jetpack_sharing_enabled":true,"_links":{"self":[{"href":"https:\/\/ideasgeek.co\/fr\/wp-json\/wp\/v2\/product\/27176","targetHints":{"allow":["GET"]}}],"collection":[{"href":"https:\/\/ideasgeek.co\/fr\/wp-json\/wp\/v2\/product"}],"about":[{"href":"https:\/\/ideasgeek.co\/fr\/wp-json\/wp\/v2\/types\/product"}],"replies":[{"embeddable":true,"href":"https:\/\/ideasgeek.co\/fr\/wp-json\/wp\/v2\/comments?post=27176"}],"version-history":[{"count":2,"href":"https:\/\/ideasgeek.co\/fr\/wp-json\/wp\/v2\/product\/27176\/revisions"}],"predecessor-version":[{"id":27967,"href":"https:\/\/ideasgeek.co\/fr\/wp-json\/wp\/v2\/product\/27176\/revisions\/27967"}],"wp:featuredmedia":[{"embeddable":true,"href":"https:\/\/ideasgeek.co\/fr\/wp-json\/wp\/v2\/media\/27249"}],"wp:attachment":[{"href":"https:\/\/ideasgeek.co\/fr\/wp-json\/wp\/v2\/media?parent=27176"}],"wp:term":[{"taxonomy":"product_brand","embeddable":true,"href":"https:\/\/ideasgeek.co\/fr\/wp-json\/wp\/v2\/product_brand?post=27176"},{"taxonomy":"product_cat","embeddable":true,"href":"https:\/\/ideasgeek.co\/fr\/wp-json\/wp\/v2\/product_cat?post=27176"},{"taxonomy":"product_tag","embeddable":true,"href":"https:\/\/ideasgeek.co\/fr\/wp-json\/wp\/v2\/product_tag?post=27176"}],"curies":[{"name":"wp","href":"https:\/\/api.w.org\/{rel}","templated":true}]}}